{"id":3,"date":"2024-03-28T17:01:24","date_gmt":"2024-03-28T09:01:24","guid":{"rendered":"https:\/\/ceshi27.lingjuin.com\/?page_id=3"},"modified":"2024-04-01T15:14:56","modified_gmt":"2024-04-01T07:14:56","slug":"privacy-policy","status":"publish","type":"page","link":"https:\/\/ceshi27.lingjuin.com\/es_es\/privacy-policy\/","title":{"rendered":"Privacidad"},"content":{"rendered":"<p>La privacidad y seguridad de su informaci\u00f3n es muy importante para nosotros.<br>Consulte la pol\u00edtica de privacidad completa a continuaci\u00f3n para obtener m\u00e1s informaci\u00f3n.<br>Introducci\u00f3n<br>Esta pol\u00edtica de privacidad explica c\u00f3mo nuestra empresa y sus filiales recopilan y utilizan su informaci\u00f3n. Nuestra pol\u00edtica de privacidad se aplica a todas las personas que visitan y utilizan nuestro sitio web, nuestra empresa y nuestros servicios en l\u00ednea, y los sitios web y servicios en l\u00ednea proporcionados por nuestros miembros (denominados colectivamente &quot;sitios&quot;). Las empresas afiliadas son entidades propiedad directa o indirecta de nuestra empresa, o entidades controladas o controladas conjuntamente por nuestra empresa. Las referencias a &quot;basic health&quot;, &quot;nosotros&quot;, &quot;nuestro&quot; o &quot;nos&quot; en esta pol\u00edtica de privacidad se refieren a la entidad responsable de la recopilaci\u00f3n y el uso de sus datos personales, generalmente la entidad que obtiene sus datos personales en cada caso. Esta entidad tambi\u00e9n se denomina responsable del tratamiento de datos. Esta pol\u00edtica de privacidad no cubre los sitios web y servicios en l\u00ednea operados por nuestra empresa o nuestras empresas afiliadas. Estos sitios web y servicios en l\u00ednea tienen pol\u00edticas de privacidad independientes y no est\u00e1n vinculados a esta pol\u00edtica de privacidad ni fusionados por referencia. Tambi\u00e9n pueden aplicarse diferentes pol\u00edticas de privacidad a otras partes de nuestro sitio web, como \u00e1reas protegidas con contrase\u00f1a o p\u00e1ginas web utilizadas para el reclutamiento en l\u00ednea. Nuestra pol\u00edtica de privacidad solo se aplica a las actividades que realizamos en este sitio web y no se aplica a las actividades que se realizan &quot;fuera de l\u00ednea&quot; o no relacionadas con este sitio web. Esta pol\u00edtica de privacidad se ha incorporado a nuestros t\u00e9rminos y condiciones, y lo mismo se aplica cuando usted utiliza nuestro sitio web. Al utilizar este sitio web y proporcionar sus datos personales y otra informaci\u00f3n a trav\u00e9s de \u00e9l, usted reconoce que sus datos personales ser\u00e1n procesados de acuerdo con los t\u00e9rminos de esta pol\u00edtica de privacidad. Si no est\u00e1 de acuerdo con las pr\u00e1cticas descritas en esta pol\u00edtica de privacidad, no nos proporcione sus datos personales ni interact\u00fae con el sitio web de ninguna otra manera. Nos reservamos el derecho de modificar esta pol\u00edtica de privacidad en cualquier momento. Si realizamos alg\u00fan cambio importante en nuestra pol\u00edtica de privacidad, lo notificaremos en este sitio web antes de que los cambios entren en vigor. Puede determinar la \u00faltima fecha de revisi\u00f3n de esta pol\u00edtica de privacidad consultando la fecha de &quot;\u00faltima actualizaci\u00f3n&quot; anterior. Puede ver la \u00faltima versi\u00f3n de esta pol\u00edtica de privacidad. Le recomendamos que revise peri\u00f3dicamente la pol\u00edtica de privacidad para ver si hay cambios.<br>\u00a0<br>\u00bfQu\u00e9 datos personales recopilamos sobre usted?<br>Los datos personales utilizados en esta pol\u00edtica de privacidad se refieren a cualquier informaci\u00f3n relacionada con un individuo identificado o identificable, o seg\u00fan lo definen las leyes aplicables. Cuando visitas nuestro sitio web e interact\u00faas voluntariamente con \u00e9l, recopilaremos los siguientes datos personales:<br>Tu nombre y apellido;<br>Nombre de empresa;<br>direcci\u00f3n de Protocolo de Internet (IP);<br>Informaci\u00f3n de contacto (por ejemplo, n\u00famero de tel\u00e9fono, direcci\u00f3n de correo electr\u00f3nico);<br>u Otra informaci\u00f3n que usted proporcione voluntariamente.<br>\u00a0<br>\u00bfCu\u00e1ndo recopilamos datos personales sobre usted?<br>A menos que usted elija voluntariamente revelar dicha informaci\u00f3n, nuestra empresa no recopilar\u00e1 ning\u00fan dato personal suyo a trav\u00e9s de este sitio web. Es posible que le solicitemos que proporcione ciertos datos personales en diferentes momentos y lugares del sitio web. En algunos casos, si opta por no facilitarnos los datos personales solicitados, es posible que no pueda acceder a todo el contenido de este sitio web ni participar en todas sus funciones. Por ejemplo, podemos recopilar datos personales suyos cuando realiza las siguientes acciones:<br>Comprar productos de nuestra empresa a trav\u00e9s de nuestro sitio web;<br>Abra o responda a nuestro correo electr\u00f3nico;<br>Cuando usted nos proporciona informaci\u00f3n voluntariamente a trav\u00e9s de encuestas a clientes, podemos vincularla a los datos personales que hemos recopilado previamente sobre usted;<br>Comun\u00edquese con el servicio de atenci\u00f3n al cliente, utilice nuestra funci\u00f3n \u201cconectar\u201d para hablar con representantes de nuestra empresa o utilice nuestras herramientas de atenci\u00f3n al cliente;<br>Conectar, vincular o \u201ccompartir\u201d nuestro sitio web a trav\u00e9s de sitios de redes sociales;<br>Si nos proporciona datos personales de un tercero, significa que le ha notificado al tercero y ha sido autorizado por el tercero para proporcionar dicha informaci\u00f3n.<br>\u00a0<br>\u00bfC\u00f3mo utilizamos los datos personales?<br>Nuestra empresa utiliza los datos personales que recopilamos para brindarle servicios o celebrar un acuerdo contractual con usted cuando visita nuestro sitio web. Esto incluye:<br>Cree una cuenta de sitio web en l\u00ednea para usted de acuerdo con sus requisitos;<br>Proporcionar servicio al cliente (por ejemplo, responder a sus preguntas o responder a solicitudes);<br>Enviarle recordatorios, actualizaciones, soporte, mensajes de administraci\u00f3n, anuncios de servicios e informaci\u00f3n solicitada;<br>Utilizaremos datos personales obtenidos por un tercero o por nosotros por motivos comerciales leg\u00edtimos, siempre que los datos sean compatibles con sus derechos y expectativas de privacidad. Esto incluye:<br>Operar, mantener y mejorar este sitio web, nuestros servicios y nuestros productos;<br>Realizar an\u00e1lisis y realizar investigaciones de clientes;<br>Verificar su capacidad para acceder o utilizar ciertos productos o servicios que solo est\u00e1n disponibles para personas que cumplen con ciertos requisitos o est\u00e1ndares de calificaci\u00f3n, como profesionales de la salud;<br>Permitirle interactuar con ciertos proveedores de servicios de contenido de terceros (por ejemplo, para permitirle vincular o ver contenido de sitios web de terceros dentro de este sitio web, o ver nuestro contenido en sitios web de terceros);<br>Permitirle elegir participar en las funciones interactivas de nuestro sitio web;<br>Gestionar encuestas en l\u00ednea u ofertas especiales proporcionadas por nosotros o a trav\u00e9s de nuestros socios comerciales externos;<br>Mejorar nuestro sitio web, servicio al cliente, productos y servicios y la experiencia general del usuario;<br>Mejorar otra informaci\u00f3n que tenemos sobre usted para ayudarnos a comprenderlo mejor y determinar sus intereses;<br>Determinar sus preferencias para que podamos notificarle sobre nuevos productos u otros productos, servicios y promociones que puedan ser de su inter\u00e9s;<br>Nuestra empresa tambi\u00e9n tiene una base legal para el uso de sus datos personales:<br>Para prevenir el fraude, la seguridad p\u00fablica y hacer cumplir las obligaciones y los t\u00e9rminos y condiciones de presentaci\u00f3n de informes de nuestra empresa, y cumplir con las leyes, regulaciones, \u00f3rdenes judiciales, citaciones u otros procedimientos legales.<br>Cuando lo requiera la ley, tambi\u00e9n podemos utilizar la informaci\u00f3n recopilada de acuerdo con esta pol\u00edtica de privacidad con su consentimiento &quot;opt-in&quot; para brindarle bienes o servicios que creemos que pueden ser de su inter\u00e9s.<br>\u00a0<br>\u00bfC\u00f3mo tratar los datos personales sensibles?<br>Los datos personales sensibles utilizados en la pol\u00edtica de privacidad (tambi\u00e9n denominados \u00abcategor\u00edas especiales de datos personales\u00bb) se refieren a datos relacionados con su raza o etnia, opiniones pol\u00edticas, religi\u00f3n u otras creencias, salud, caracter\u00edsticas gen\u00e9ticas o biol\u00f3gicas, vida sexual o sexualidad. Tambi\u00e9n se incluye informaci\u00f3n sobre orientaci\u00f3n, antecedentes penales o afiliaci\u00f3n sindical. Nuestra empresa solo recopila datos personales sensibles en las siguientes circunstancias:<br>Con su consentimiento expl\u00edcito;<br>Proteger sus intereses vitales o los de otros si no puede llegar a un acuerdo f\u00edsica o legal;<br>Si se requiere tratamiento con fines m\u00e9dicos preventivos u ocupacionales, proporcionar atenci\u00f3n o tratamiento sanitario o social o gestionar sistemas y servicios de atenci\u00f3n sanitaria o social de conformidad con la legislaci\u00f3n de la Uni\u00f3n o de los Estados miembros o de conformidad con contratos con profesionales de la salud; o utilizado para establecer, ejercer o defender reclamaciones legales, o en la medida permitida y requerida por las leyes aplicables.<br>A menos que las leyes aplicables exijan lo contrario, no es necesario que nos proporcione ning\u00fan dato personal confidencial cuando utilice nuestro sitio web. Si decide no hacerlo, su decisi\u00f3n no le impedir\u00e1 utilizar nuestro sitio web.<br>\u00a0<br>\u00bfQu\u00e9 otra informaci\u00f3n recopilamos?<br>Al igual que muchos otros sitios web, cuando navega e interact\u00faa con nuestro sitio web, podemos utilizar tecnolog\u00eda de recopilaci\u00f3n autom\u00e1tica para recopilar cierta informaci\u00f3n sobre su dispositivo, operaciones y patrones de navegaci\u00f3n, que incluyen:<br>Los detalles de su visita a nuestro sitio web, incluidos los recursos que visita y utiliza en nuestro sitio web, datos de tr\u00e1fico, datos de ubicaci\u00f3n, registros, idioma;<br>Fecha y hora de acceso, frecuencia y otros datos de comunicaci\u00f3n;<br>Informaci\u00f3n sobre la computadora y la conexi\u00f3n a Internet, incluido el sistema operativo, el dominio del host y el tipo de navegador (como Internet Explorer); o<br>Detalles del sitio web recomendado (URL).<br>La informaci\u00f3n que recopilamos autom\u00e1ticamente son datos estad\u00edsticos que pueden ayudarnos a mejorar nuestro sitio web y brindar servicios mejores y m\u00e1s personalizados, lo que incluye permitirnos:<br>Determinar los patrones de tr\u00e1fico del sitio web;<br>Cuente el n\u00famero de visitas al sitio;<br>Identificar la fuente de tr\u00e1fico para que podamos medir y mejorar el rendimiento del sitio web;<br>Compartir o vender dicha informaci\u00f3n a terceros;<br>Ay\u00fadenos a comprender qu\u00e9 p\u00e1ginas y contenidos son los m\u00e1s populares y los menos populares; y<br>Determine la frecuencia y \u00faltima fecha de su visita a nuestro sitio web.<br>\u00a0<br>Cookies y otras tecnolog\u00edas<br>Cuando visita nuestro sitio web o interact\u00faa con nuestros correos electr\u00f3nicos, utilizamos cookies, balizas web\/etiquetas de p\u00edxel y otras tecnolog\u00edas (denominadas colectivamente &quot;cookies&quot;) para identificarle. Las &quot;cookies&quot; son peque\u00f1as cantidades de datos almacenados en cach\u00e9 o en un ordenador seg\u00fan su actividad en Internet. Estas cookies pueden transmitirse por un proveedor propio o de terceros. Por ejemplo, podemos recopilar informaci\u00f3n sobre el tipo y la versi\u00f3n de su navegador, el sistema operativo, el idioma, el proveedor de servicios de internet (ISP), las p\u00e1ginas web visitadas, los enlaces en los que ha hecho clic, la direcci\u00f3n IP, la presencia de un complemento de Flash, la resoluci\u00f3n de pantalla y la informaci\u00f3n de conexi\u00f3n. Tambi\u00e9n podemos recopilar informaci\u00f3n sobre los tipos de sitios web visitados antes y despu\u00e9s de visitar nuestro sitio web, informaci\u00f3n detallada sobre los productos adquiridos y los correos electr\u00f3nicos que env\u00eda, reenv\u00eda o en los que hace clic para acceder a nuestro sitio web. Al recopilar esta informaci\u00f3n, podemos comprender mejor c\u00f3mo interact\u00faa con nuestro sitio web; ofrecerle una experiencia en l\u00ednea m\u00e1s personalizada y optimizada mediante el seguimiento de sus preferencias; mejorar nuestro sitio web; ejecutar contratos con nuestros socios comerciales; confirmar la recepci\u00f3n y responder a nuestros correos electr\u00f3nicos; y ofrecer un servicio al cliente m\u00e1s eficaz. Para obtener m\u00e1s informaci\u00f3n sobre las cookies que recopilamos y c\u00f3mo desactivarlas, visite nuestra Pol\u00edtica de Cookies y la secci\u00f3n 9 a continuaci\u00f3n. Plugins de redes sociales. Nuestro sitio web utiliza los llamados plugins sociales (&quot;plugins&quot;) de las redes sociales Facebook, Twitter y LinkedIn. Estos plugins se identifican con los respectivos logotipos de las redes sociales. Al visitar el sitio, su navegador establecer\u00e1 una conexi\u00f3n directa con los servidores de estas redes sociales. La red social transfiere el contenido del plugin directamente a su navegador y luego lo integra en el sitio web. La integraci\u00f3n de plugins permite a las redes sociales recibir la informaci\u00f3n que ha cargado en las p\u00e1ginas correspondientes del sitio. Por ejemplo, si inicia sesi\u00f3n con Facebook, podr\u00e1 asignar su visita a su cuenta. Al visitar nuestro sitio web, ya sea que interact\u00fae con el plugin o no, ya ha intercambiado esta informaci\u00f3n. Si interact\u00faa con el plugin, la informaci\u00f3n correspondiente se enviar\u00e1 directamente a Facebook a trav\u00e9s de su navegador y se guardar\u00e1 all\u00ed. Puede encontrar informaci\u00f3n sobre c\u00f3mo las redes sociales usan los datos, as\u00ed como sus derechos y configuraciones opcionales en los sitios de redes sociales para proteger su privacidad. Si no desea que las redes sociales recopilen datos sobre usted a trav\u00e9s de nuestro sitio web, debe iniciar sesi\u00f3n en el dominio de la red social antes de visitarlo. Para evitar el intercambio de informaci\u00f3n con redes sociales durante su visita a nuestro sitio web, puede desactivar las cookies mediante la configuraci\u00f3n de su navegador y otras herramientas.<br>\u00a0<br>\u00bfC\u00f3mo compartimos informaci\u00f3n?<br>Nuestra empresa se compromete a mantener la confidencialidad de sus datos personales. Salvo lo dispuesto en esta pol\u00edtica de privacidad, no venderemos, comercializaremos ni alquilaremos sus datos personales recopilados en el sitio web a terceros. Podemos compartir sus datos personales de acuerdo con los siguientes requisitos o permisos legales:<br>En el proceso comercial diario, cualquier AHA INTERNATIONAL CO., LTD. la empresa afiliada solo puede utilizar sus datos personales para los fines descritos en esta pol\u00edtica de privacidad (por ejemplo, para responder a sus consultas sobre nuestros productos y servicios);<br>Con contratistas, vendedores y proveedores que nos brindan servicios en nuestro nombre, como el procesamiento y cumplimiento de pedidos; an\u00e1lisis y almacenamiento de datos; ayudar en marketing directo y distribuci\u00f3n de correos electr\u00f3nicos y otras comunicaciones; servicios de prevenci\u00f3n de fraude; entrega y log\u00edstica; y Completar otros prop\u00f3sitos de la colecci\u00f3n anterior;<br>Si nosotros o cualquiera de nuestras empresas afiliadas nos declaramos en quiebra o la transferencia de propiedad (o activos) relacionada con la reorganizaci\u00f3n corporativa propuesta o completa de cualquiera de nuestras afiliadas, como fusiones, adquisiciones o ventas de unidades de negocios reales o potenciales;<br>Cumplir con \u00f3rdenes legales y requisitos gubernamentales, o apoyar funciones de auditor\u00eda, cumplimiento y gobierno corporativo seg\u00fan sea necesario;<br>Para combatir el fraude o la actividad delictiva y para proteger nuestros derechos o los de nuestros afiliados, usuarios y socios comerciales, o como parte de procedimientos legales que afectan a nuestra empresa, incluida la aplicaci\u00f3n de nuestros t\u00e9rminos y condiciones.<\/p>","protected":false},"excerpt":{"rendered":"<p>The privacy and security of your information is very important to us.Please view the full privacy policy below to learn more.IntroductionThis privacy policy explains how our company and its affiliates collect and use your information. Our privacy policy applies to all people who visit and use our website, our company and online services, and the [&hellip;]<\/p>\n","protected":false},"author":1,"featured_media":0,"parent":0,"menu_order":0,"comment_status":"closed","ping_status":"open","template":"page\/privacy.php","meta":{"footnotes":""},"class_list":["post-3","page","type-page","status-publish","hentry"],"_links":{"self":[{"href":"https:\/\/ceshi27.lingjuin.com\/es_es\/wp-json\/wp\/v2\/pages\/3","targetHints":{"allow":["GET"]}}],"collection":[{"href":"https:\/\/ceshi27.lingjuin.com\/es_es\/wp-json\/wp\/v2\/pages"}],"about":[{"href":"https:\/\/ceshi27.lingjuin.com\/es_es\/wp-json\/wp\/v2\/types\/page"}],"author":[{"embeddable":true,"href":"https:\/\/ceshi27.lingjuin.com\/es_es\/wp-json\/wp\/v2\/users\/1"}],"replies":[{"embeddable":true,"href":"https:\/\/ceshi27.lingjuin.com\/es_es\/wp-json\/wp\/v2\/comments?post=3"}],"version-history":[{"count":2,"href":"https:\/\/ceshi27.lingjuin.com\/es_es\/wp-json\/wp\/v2\/pages\/3\/revisions"}],"predecessor-version":[{"id":117,"href":"https:\/\/ceshi27.lingjuin.com\/es_es\/wp-json\/wp\/v2\/pages\/3\/revisions\/117"}],"wp:attachment":[{"href":"https:\/\/ceshi27.lingjuin.com\/es_es\/wp-json\/wp\/v2\/media?parent=3"}],"curies":[{"name":"gracias","href":"https:\/\/api.w.org\/{rel}","templated":true}]}}